{"id":13,"date":"2016-06-16T01:01:55","date_gmt":"2016-06-16T04:01:55","guid":{"rendered":"http:\/\/volmac.com.br\/?page_id=13"},"modified":"2017-02-11T06:51:39","modified_gmt":"2017-02-11T09:51:39","slug":"servicos","status":"publish","type":"page","link":"https:\/\/volmac.com.br\/index.php\/servicos\/","title":{"rendered":"Servi\u00e7os"},"content":{"rendered":"<p><strong>Somos especialistas em limpeza<\/strong><\/p>\n<p>Limpeza de Tapetes: orientais, persa, chin\u00eas, Kilim, marroquino,iraniano, arraiolos, algod\u00e3o, seda, sisal, artesanais, fibras naturais.<\/p>\n<p>Limpeza,higieniza\u00e7\u00e3o e impermeabiliza\u00e7\u00e3o de estofados: sof\u00e1s,cadeiras,poltronas&#8230;<\/p>\n<p>A VOLMAC utiliza o sistema Leva e Traz, retirando e entregando os tapetes e capachos na resid\u00eancia ou com\u00e9rcio.<\/p>\n<p>Aplicamos o processo adequado de lavagem e higieniza\u00e7\u00e3o para cada tipo de tapete, retirando as manchas indesej\u00e1veis devido ao tempo de uso, evitando migra\u00e7\u00e3o de cores e devolvendo a maciez as fibras. Para os tapetes orientais, como os persas, temos t\u00e9cnicas de lavagem diferenciada assim n\u00e3o tirando a originalidade das pe\u00e7as.<\/p>\n<p>Processo de secagem natural sem a\u00e7\u00e3o direta dos raios UV.<\/p>\n","protected":false},"excerpt":{"rendered":"<p>Somos especialistas em limpeza Limpeza de Tapetes: orientais, persa, chin\u00eas, Kilim, marroquino,iraniano, arraiolos, algod\u00e3o, seda, sisal, artesanais, fibras naturais. Limpeza,higieniza\u00e7\u00e3o e impermeabiliza\u00e7\u00e3o de estofados: sof\u00e1s,cadeiras,poltronas&#8230; A VOLMAC utiliza o sistema Leva e Traz, retirando e entregando os tapetes e capachos na resid\u00eancia ou com\u00e9rcio. Aplicamos o processo adequado de lavagem e higieniza\u00e7\u00e3o para cada tipo<\/p>\n","protected":false},"author":1,"featured_media":0,"parent":0,"menu_order":0,"comment_status":"closed","ping_status":"closed","template":"","meta":{"footnotes":""},"_links":{"self":[{"href":"https:\/\/volmac.com.br\/index.php\/wp-json\/wp\/v2\/pages\/13"}],"collection":[{"href":"https:\/\/volmac.com.br\/index.php\/wp-json\/wp\/v2\/pages"}],"about":[{"href":"https:\/\/volmac.com.br\/index.php\/wp-json\/wp\/v2\/types\/page"}],"author":[{"embeddable":true,"href":"https:\/\/volmac.com.br\/index.php\/wp-json\/wp\/v2\/users\/1"}],"replies":[{"embeddable":true,"href":"https:\/\/volmac.com.br\/index.php\/wp-json\/wp\/v2\/comments?post=13"}],"version-history":[{"count":4,"href":"https:\/\/volmac.com.br\/index.php\/wp-json\/wp\/v2\/pages\/13\/revisions"}],"predecessor-version":[{"id":63,"href":"https:\/\/volmac.com.br\/index.php\/wp-json\/wp\/v2\/pages\/13\/revisions\/63"}],"wp:attachment":[{"href":"https:\/\/volmac.com.br\/index.php\/wp-json\/wp\/v2\/media?parent=13"}],"curies":[{"name":"wp","href":"https:\/\/api.w.org\/{rel}","templated":true}]}}