{"id":15,"date":"2016-06-16T01:04:37","date_gmt":"2016-06-16T04:04:37","guid":{"rendered":"http:\/\/volmac.com.br\/?page_id=15"},"modified":"2017-02-10T16:14:15","modified_gmt":"2017-02-10T19:14:15","slug":"localizacao","status":"publish","type":"page","link":"https:\/\/volmac.com.br\/index.php\/localizacao\/","title":{"rendered":"Localiza\u00e7\u00e3o"},"content":{"rendered":"<p><strong>Av. Trumain, 235 &#8211; Vila Formosa, S\u00e3o Paulo, 03366-000<\/strong><\/p>\n<p><iframe loading=\"lazy\" style=\"border: 0;\" src=\"https:\/\/www.google.com\/maps\/embed?pb=!1m18!1m12!1m3!1d3657.123110020436!2d-46.53760898530145!3d-23.56402156757503!2m3!1f0!2f0!3f0!3m2!1i1024!2i768!4f13.1!3m3!1m2!1s0x94ce5de9d5a6e1c5%3A0x491d6e63a103500d!2sAv.+Trumain%2C+235+-+Vila+Formosa%2C+S%C3%A3o+Paulo+-+SP!5e0!3m2!1spt-BR!2sbr!4v1466049847340\" width=\"100%\" height=\"450\" frameborder=\"0\" allowfullscreen=\"allowfullscreen\"><\/iframe><\/p>\n","protected":false},"excerpt":{"rendered":"<p>Av. Trumain, 235 &#8211; Vila Formosa, S\u00e3o Paulo, 03366-000<\/p>\n","protected":false},"author":1,"featured_media":0,"parent":0,"menu_order":0,"comment_status":"closed","ping_status":"closed","template":"","meta":{"footnotes":""},"_links":{"self":[{"href":"https:\/\/volmac.com.br\/index.php\/wp-json\/wp\/v2\/pages\/15"}],"collection":[{"href":"https:\/\/volmac.com.br\/index.php\/wp-json\/wp\/v2\/pages"}],"about":[{"href":"https:\/\/volmac.com.br\/index.php\/wp-json\/wp\/v2\/types\/page"}],"author":[{"embeddable":true,"href":"https:\/\/volmac.com.br\/index.php\/wp-json\/wp\/v2\/users\/1"}],"replies":[{"embeddable":true,"href":"https:\/\/volmac.com.br\/index.php\/wp-json\/wp\/v2\/comments?post=15"}],"version-history":[{"count":3,"href":"https:\/\/volmac.com.br\/index.php\/wp-json\/wp\/v2\/pages\/15\/revisions"}],"predecessor-version":[{"id":56,"href":"https:\/\/volmac.com.br\/index.php\/wp-json\/wp\/v2\/pages\/15\/revisions\/56"}],"wp:attachment":[{"href":"https:\/\/volmac.com.br\/index.php\/wp-json\/wp\/v2\/media?parent=15"}],"curies":[{"name":"wp","href":"https:\/\/api.w.org\/{rel}","templated":true}]}}